{"id":2,"date":"2026-04-08T19:08:08","date_gmt":"2026-04-08T19:08:08","guid":{"rendered":"http:\/\/vardacuisine.ca\/?page_id=2"},"modified":"2026-04-08T17:51:57","modified_gmt":"2026-04-08T21:51:57","slug":"bienvenue-varda-cuisine","status":"publish","type":"page","link":"https:\/\/vardacuisine.ca\/","title":{"rendered":"Bienvenue &#8211; Varda Cuisine"},"content":{"rendered":"<!--themify_builder_content-->\n<div id=\"themify_builder_content-2\" data-postid=\"2\" class=\"themify_builder_content themify_builder_content-2 themify_builder tf_clear\">\n                    <div  data-css_id=\"jj6a268\" data-lazy=\"1\" class=\"module_row themify_builder_row fullwidth_row_container tb_jj6a268 tb_first tf_w\">\n            <span  class=\"builder_row_cover tf_abs\" data-lazy=\"1\"><\/span>            <div class=\"row_inner col_align_top tb_col_count_2 tf_box tf_rel\">\n                        <div  data-lazy=\"1\" class=\"module_column tb-column col4-3 tb_m8f7269 first\">\n                    <!-- module text -->\n<div  class=\"module module-text tb_9hkm270   \" data-lazy=\"1\">\n        <div  class=\"tb_text_wrap\">\n        <h1>Bienvenue<br \/>dans ma cuisine<\/h1>\n    <\/div>\n<\/div>\n<!-- \/module text --><!-- module text -->\n<div  class=\"module module-text tb_tho1273   \" data-lazy=\"1\">\n        <div  class=\"tb_text_wrap\">\n        <h4><span style=\"font-weight: 400;\">Une nouvelle exp\u00e9rience culinaire sign\u00e9e Varda \u00c9tienne<\/span>.<\/h4>    <\/div>\n<\/div>\n<!-- \/module text --><!-- module buttons -->\n<div  class=\"module module-buttons tb_ungn273 buttons-horizontal solid  large circle\" data-lazy=\"1\">\n        <div class=\"module-buttons-item tf_in_flx\">\n                        <a href=\"#registrement\" class=\"ui builder_button tf_in_flx tb_default_color\" >\n                                                Acc\u00e8s exclusif au lancement                                        <\/a>\n                <\/div>\n            <\/div>\n<!-- \/module buttons -->\n        <\/div>\n                    <div  data-lazy=\"1\" class=\"module_column tb-column col4-1 tb_4ke1274 last\">\n                            <\/div>\n                        <\/div>\n        <\/div>\n                        <div  data-lazy=\"1\" class=\"module_row themify_builder_row tb_370b268 tf_w\">\n                        <div class=\"row_inner col_align_top tb_col_count_2 tf_box tf_rel\">\n                        <div  data-lazy=\"1\" class=\"module_column tb-column col4-2 tb_5qid275 first\">\n                    <!-- module text -->\n<div  class=\"module module-text tb_hsvq275   \" data-lazy=\"1\">\n        <div  class=\"tb_text_wrap\">\n        <h2>Recettes, exp\u00e9riences et surprises en avant-premi\u00e8re<\/h2>    <\/div>\n<\/div>\n<!-- \/module text -->        <\/div>\n                    <div  data-lazy=\"1\" class=\"module_column tb-column col4-2 tb_q16v276 last\">\n                    <!-- module text -->\n<div  class=\"module module-text tb_13mt276   \" data-lazy=\"1\">\n        <div  class=\"tb_text_wrap\">\n        <p><strong>Varda Cuisine<\/strong> est une fa\u00e7on pour moi de vous inviter dans ma cuisine et partager avec vous exp\u00e9riences \u00e9motionnelles, culturelles, culinaires dans une ambiance rassembleuse, chaleureuse, color\u00e9e et authentique. \u00c0 travers des produits, des recettes et des moments soigneusement pens\u00e9s, nous c\u00e9l\u00e8brerons ensemble l\u2019h\u00e9ritage ha\u00eftien, la force des femmes et l\u2019art de recevoir. Dans ma cuisine, chaque d\u00e9tail devient un geste d\u2019amour et de transmission, une rencontre entre la gastronomie, les recettes, le plaisir de d\u00e9guster, de go\u00fbter, de d\u00e9couvrir un monde riche en cultures et en histoires qui nous rassemblent et nous ressemblent.<\/p>\n<p>Un univers inspir\u00e9 de saveurs, de souvenirs et d&rsquo;innombrables plaisirs \u00e0 partager.<\/p>    <\/div>\n<\/div>\n<!-- \/module text -->        <\/div>\n                        <\/div>\n        <\/div>\n        <\/div>\n<!--\/themify_builder_content-->","protected":false},"excerpt":{"rendered":"<p>Bienvenuedans ma cuisine<\/p>\n","protected":false},"author":1,"featured_media":0,"parent":0,"menu_order":0,"comment_status":"closed","ping_status":"open","template":"","meta":{"footnotes":""},"class_list":["post-2","page","type-page","status-publish","hentry","has-post-title","has-post-date","has-post-category","has-post-tag","has-post-comment","has-post-author",""],"builder_content":"<h1>Bienvenue<br \/>dans ma cuisine<\/h1>\n<h4>Une nouvelle exp\u00e9rience culinaire sign\u00e9e Varda \u00c9tienne.<\/h4>\n<a href=\"#registrement\" > Acc\u00e8s exclusif au lancement <\/a>\n<h2>Recettes, exp\u00e9riences et surprises en avant-premi\u00e8re<\/h2>\n<p><strong>Varda Cuisine<\/strong> est une fa\u00e7on pour moi de vous inviter dans ma cuisine et partager avec vous exp\u00e9riences \u00e9motionnelles, culturelles, culinaires dans une ambiance rassembleuse, chaleureuse, color\u00e9e et authentique. \u00c0 travers des produits, des recettes et des moments soigneusement pens\u00e9s, nous c\u00e9l\u00e8brerons ensemble l\u2019h\u00e9ritage ha\u00eftien, la force des femmes et l\u2019art de recevoir. Dans ma cuisine, chaque d\u00e9tail devient un geste d\u2019amour et de transmission, une rencontre entre la gastronomie, les recettes, le plaisir de d\u00e9guster, de go\u00fbter, de d\u00e9couvrir un monde riche en cultures et en histoires qui nous rassemblent et nous ressemblent.<\/p> <p>Un univers inspir\u00e9 de saveurs, de souvenirs et d'innombrables plaisirs \u00e0 partager.<\/p>\n<img src=\"https:\/\/vardacuisine.ca\/wp-content\/uploads\/2026\/04\/bg-food-top-1-700x721.jpg\" width=\"700\" height=\"721\" title=\"bg-food-top-1\" alt=\"bg-food-top-1\" srcset=\"https:\/\/vardacuisine.ca\/wp-content\/uploads\/2026\/04\/bg-food-top-1.jpg 700w, https:\/\/vardacuisine.ca\/wp-content\/uploads\/2026\/04\/bg-food-top-1-291x300.jpg 291w\" sizes=\"(max-width: 700px) 100vw, 700px\" \/>\n<h2>About Resto<br\/>Cuisine is our passion. Your dishes are our art.<\/h2>\n<p>Food without taste is just ingradients. Our mission is to bring the best taste from the ingradients, as a piece of art presented on your table.<\/p>\n<a href=\"https:\/\/themify.org\/\" > Read more <em><svg xmlns:xlink=\"http:\/\/www.w3.org\/1999\/xlink\" aria-hidden=\"true\"><use href=\"#tf-ti-arrow-right\" xlink:href=\"#tf-ti-arrow-right\"><\/use><\/svg><\/em> <\/a>\n<h2>Our Menu<br\/><em>Fresh<\/em> Ingradients <br><em>Fine<\/em> Taste<\/h2>\n<img src=\"https:\/\/vardacuisine.ca\/wp-content\/uploads\/2026\/04\/pancake-honey-498x600-2-540x650.jpg\" width=\"540\" height=\"650\" title=\"From appetizers to desserts, we pick the finest ingredients\" alt=\"From appetizers to desserts, we pick the finest ingredients\" srcset=\"https:\/\/vardacuisine.ca\/wp-content\/uploads\/2026\/04\/pancake-honey-498x600-2-540x650.jpg 540w, https:\/\/vardacuisine.ca\/wp-content\/uploads\/2026\/04\/pancake-honey-498x600-2-249x300.jpg 249w, https:\/\/vardacuisine.ca\/wp-content\/uploads\/2026\/04\/pancake-honey-498x600-2.jpg 498w\" sizes=\"(max-width: 540px) 100vw, 540px\" \/> <h3> From appetizers to desserts, we pick the finest ingredients <\/h3>\n<img src=\"https:\/\/vardacuisine.ca\/wp-content\/uploads\/2026\/04\/resto-chef-498x600-2-540x650.jpg\" width=\"540\" height=\"650\" title=\"Every dish is a full of passion, thoughts, and taste.\" alt=\"Every dish is a full of passion, thoughts, and taste.\" srcset=\"https:\/\/vardacuisine.ca\/wp-content\/uploads\/2026\/04\/resto-chef-498x600-2-540x650.jpg 540w, https:\/\/vardacuisine.ca\/wp-content\/uploads\/2026\/04\/resto-chef-498x600-2-249x300.jpg 249w, https:\/\/vardacuisine.ca\/wp-content\/uploads\/2026\/04\/resto-chef-498x600-2.jpg 498w\" sizes=\"(max-width: 540px) 100vw, 540px\" \/> <h3> Every dish is a full of passion, thoughts, and taste. <\/h3>\n<img src=\"https:\/\/vardacuisine.ca\/wp-content\/uploads\/2026\/04\/quote-2-42x29.png\" width=\"42\" height=\"29\" title=\"quote-2\" alt=\"quote-2\" srcset=\"https:\/\/vardacuisine.ca\/wp-content\/uploads\/2026\/04\/quote-2-42x29.png 42w, https:\/\/vardacuisine.ca\/wp-content\/uploads\/2026\/04\/quote-2.png 45w\" sizes=\"(max-width: 42px) 100vw, 42px\" \/>\n<h3>We had an excellent experience dining at Resto tonight. The food and service is amazing. They really nailed the fusion cuisine. Highly recommended!<\/h3> Sofia <h3>As soon you step in the restaurant, it gives you that comfort feeling like dinning at home, but of course without doing the dishes. Will come back again with more friends.<\/h3> Jonathan <h3>A friend took me here for the first time. I'm super impressed with the food presentation. Every dish is like a piece of art. Don't remember how many times I rotated the dish to admire them.<\/h3> Chistina","_links":{"self":[{"href":"https:\/\/vardacuisine.ca\/index.php\/wp-json\/wp\/v2\/pages\/2","targetHints":{"allow":["GET"]}}],"collection":[{"href":"https:\/\/vardacuisine.ca\/index.php\/wp-json\/wp\/v2\/pages"}],"about":[{"href":"https:\/\/vardacuisine.ca\/index.php\/wp-json\/wp\/v2\/types\/page"}],"author":[{"embeddable":true,"href":"https:\/\/vardacuisine.ca\/index.php\/wp-json\/wp\/v2\/users\/1"}],"replies":[{"embeddable":true,"href":"https:\/\/vardacuisine.ca\/index.php\/wp-json\/wp\/v2\/comments?post=2"}],"version-history":[{"count":47,"href":"https:\/\/vardacuisine.ca\/index.php\/wp-json\/wp\/v2\/pages\/2\/revisions"}],"predecessor-version":[{"id":10,"href":"https:\/\/vardacuisine.ca\/index.php\/wp-json\/wp\/v2\/pages\/2\/revisions\/10"}],"wp:attachment":[{"href":"https:\/\/vardacuisine.ca\/index.php\/wp-json\/wp\/v2\/media?parent=2"}],"curies":[{"name":"wp","href":"https:\/\/api.w.org\/{rel}","templated":true}]}}